{"id":879,"date":"2016-04-12T13:36:00","date_gmt":"2016-04-12T13:36:00","guid":{"rendered":"http:\/\/172.30.28.12\/enkapower\/?page_id=879"},"modified":"2025-09-10T13:29:40","modified_gmt":"2025-09-10T13:29:40","slug":"izmir-home","status":"publish","type":"page","link":"https:\/\/www.izmir-elektrik.com\/en\/","title":{"rendered":"\u0130zmir Home"},"content":{"rendered":"<div class=\"wpb-content-wrapper\">[vc_row][vc_column][vc_column_text]\n<div id=\"about-us\">\n<p><span style=\"font-size: 24pt;\"><span style=\"color: #1d386e;\"><strong>ABOUT<\/strong><\/span>\u00a0US<\/span><\/p>\n<h3>\u0130ZM\u0130R\u00a0ELEKTR\u0130K \u00dcRET\u0130M LTD. \u015eT\u0130.<\/h3>\n<p style=\"text-align: justify;\">At the Extraordinary General Assembly Meeting of the Company held on September 17, 2024, the shareholder ENKA \u0130n\u015faat ve Sanayi A.\u015e., headquartered in Istanbul (and on behalf of which \u0130lhan G\u00fcc\u00fcyener is authorized to, de facto, carry out the duty of directorship) was appointed as the member of the Board of Directors. The membership of ENKA Power Investment B.V., headquartered in the Netherlands (on behalf of which Tahsin K\u00f6sem is authorized to, de facto, carry out the duty of directorship) in the Board of Directors continues. The Chairman of the Board of Directors is ENKA \u0130n\u015faat ve Sanayi A.\u015e. (on behalf of which \u0130lhan G\u00fcc\u00fcyener is authorized to, de facto, carry out the duty of directorship). The appointment resolution was registered on September 17, 2024, and published in the Turkish Trade Registry Gazette dated September 25, 2024, issue no. 11172.<\/p>\n<p>&nbsp;<\/p>\n<p style=\"text-align: justify;\"><div class=\"alert-box info\"><i class=\"icons icon-address\"><\/i><p>MERSIS No. of ENKA \u0130N\u015eAAT VE SANAY\u0130 A.\u015e: 0-3350-0489-55001<\/p><\/div>\n<div class=\"clearfix\" style=\"height: 20px\"><\/div>\n<table class=\"table table-hover\">\n<tbody>\n<tr>\n<td><strong>Registered Company Name:<\/strong><\/td>\n<td>\u0130ZM\u0130R ELEKTR\u0130K \u00dcRET\u0130M LTD. \u015eT\u0130.<\/td>\n<\/tr>\n<tr>\n<td><strong>Legal Head Office Address:<\/strong><\/td>\n<td>Balmumcu Mah., Zincirlikuyu Yolu Sok., Enka A.\u015e., No:10, 34349, Be\u015fikta\u015f \/ Istanbul, T\u00fcrkiye<\/td>\n<\/tr>\n<tr>\n<td><strong>Branch Office Address:<\/strong><\/td>\n<td>Bozk\u00f6y, 9. Cadde, No:11, 35800, Alia\u011fa \/ \u0130zmir \/ Turkey<\/td>\n<\/tr>\n<tr>\n<td><strong>Capital:<\/strong><\/td>\n<td>118.500,00 TL\u00a0(Turkish Lira)<\/td>\n<\/tr>\n<tr>\n<td><strong>Members of the Board of Directors:<\/strong><\/td>\n<td>\u0130lhan G\u00fcc\u00fcyener (President) &#8211; On Behalf of ENKA \u0130n\u015faat ve Sanayi A.\u015e.<br \/>\nTahsin K\u00f6sem, Asil Selman G\u00fcmr\u00fck\u00e7\u00fc &#8211; On Behalf of ENKA Holding B.V.<\/td>\n<\/tr>\n<tr>\n<td><strong>Registered City \/ Country:<\/strong><\/td>\n<td>Istanbul \/ Turkey<\/td>\n<\/tr>\n<tr>\n<td><strong>Registered Office Mersis Number:<\/strong><\/td>\n<td>0-4840-1043-0000015<\/td>\n<\/tr>\n<tr>\n<td><strong>Independent Auditor:<\/strong><\/td>\n<td>DRT Ba\u011f\u0131ms\u0131z Denetim ve Serbest Muhasebeci Mali M\u00fc\u015favirlik A.\u015e. &#8211; Istanbul Head Office<\/td>\n<\/tr>\n<\/tbody>\n<\/table>\n<\/div>\n<div id=\"legal-information\">\n<div class=\"clearfix\" style=\"height: 60px\"><\/div>\n<p style=\"text-align: center;\"><span style=\"font-size: 24pt;\"><span style=\"color: #1d386e;\"><strong>LEGAL<\/strong><\/span>\u00a0INFORMATION<\/span><\/p>\n<div class=\"clearfix\" style=\"height: 20px\"><\/div>\n\r\n\t\t<section class=\"sc-call-to-action full-width-bg light-gray-bg small-padding \"  style=\"background: #ffffff;border-top:1px solid #D6D6D6;border-bottom:1px solid #D6D6D6\">\r\n\t\t\t<div class=\"row\">\r\n\t\t\t\t<div class=\"col-lg-9 col-md-9 col-sm-9\">\r\n\t\t\t\t\t<h2 class=\"big\" style=\"color: #23323a\">Central Securities Depository<\/h2>\r\n\t\t\t\t<\/div>\r\n\t\t\t\t<div class=\"col-lg-3 col-md-3 col-sm-3 align-right\">\r\n\t\t\t\t\t<a href=\"https:\/\/e-sirket.mkk.com.tr\/esir\/Dashboard.jsp#\/sirketbilgileri\/10648\" target=\"_self\" class=\"button biggest\" ><i class=\"icons icon-info-circled-alt\" ><\/i>CHECK DETAILS<\/a>\r\n\t\t\t\t<\/div>\r\n\t\t\t<\/div>\r\n\t\t<\/section>\n<\/div>\n<\/div>","protected":false},"excerpt":{"rendered":"<p>[vc_row][vc_column][vc_column_text] ABOUT\u00a0US \u0130ZM\u0130R\u00a0ELEKTR\u0130K \u00dcRET\u0130M LTD. \u015eT\u0130. At the Extraordinary General Assembly Meeting of the Company held on September 17, 2024, the shareholder ENKA \u0130n\u015faat ve Sanayi A.\u015e., headquartered in Istanbul (and on behalf of which \u0130lhan G\u00fcc\u00fcyener is authorized to, de facto, carry out the duty of directorship) was appointed as the member of the <a class=\"more-link\" href=\"https:\/\/www.izmir-elektrik.com\/en\/\">Continue reading <i class=\"fa fa-chevron-right\"><\/i><\/a><\/p>\n","protected":false},"author":1,"featured_media":394,"parent":0,"menu_order":0,"comment_status":"closed","ping_status":"closed","template":"","meta":{"_acf_changed":false,"inline_featured_image":false,"footnotes":""},"class_list":["post-879","page","type-page","status-publish","has-post-thumbnail","hentry"],"acf":[],"_links":{"self":[{"href":"https:\/\/www.izmir-elektrik.com\/en\/wp-json\/wp\/v2\/pages\/879","targetHints":{"allow":["GET"]}}],"collection":[{"href":"https:\/\/www.izmir-elektrik.com\/en\/wp-json\/wp\/v2\/pages"}],"about":[{"href":"https:\/\/www.izmir-elektrik.com\/en\/wp-json\/wp\/v2\/types\/page"}],"author":[{"embeddable":true,"href":"https:\/\/www.izmir-elektrik.com\/en\/wp-json\/wp\/v2\/users\/1"}],"replies":[{"embeddable":true,"href":"https:\/\/www.izmir-elektrik.com\/en\/wp-json\/wp\/v2\/comments?post=879"}],"version-history":[{"count":4,"href":"https:\/\/www.izmir-elektrik.com\/en\/wp-json\/wp\/v2\/pages\/879\/revisions"}],"predecessor-version":[{"id":2807,"href":"https:\/\/www.izmir-elektrik.com\/en\/wp-json\/wp\/v2\/pages\/879\/revisions\/2807"}],"wp:featuredmedia":[{"embeddable":true,"href":"https:\/\/www.izmir-elektrik.com\/en\/wp-json\/wp\/v2\/media\/394"}],"wp:attachment":[{"href":"https:\/\/www.izmir-elektrik.com\/en\/wp-json\/wp\/v2\/media?parent=879"}],"curies":[{"name":"wp","href":"https:\/\/api.w.org\/{rel}","templated":true}]}}